{"id":2,"date":"2021-10-04T23:11:18","date_gmt":"2021-10-04T23:11:18","guid":{"rendered":"https:\/\/nunopinto.pt\/eng\/?page_id=2"},"modified":"2021-10-04T23:37:37","modified_gmt":"2021-10-04T23:37:37","slug":"sample-page","status":"publish","type":"page","link":"https:\/\/nunopinto.pt\/eng\/sample-page\/","title":{"rendered":"Bio"},"content":{"rendered":"\n<p>Artista das marcas Buffet Crampon e Vandoren, Nuno Pinto \u00e9 descrito pela imprensa como um \u201cclarinetista de g\u00e9nio\u201d (Daniel Bailoni), \u201cbrilhante\u201d (Nicholas Cox) e \u201cao n\u00edvel dos grandes virtuosos internacionais do instrumento\u201d (Bernardo Mariano).<\/p>\n\n\n\n<p>Estudou clarinete com Saul Silva, Ant\u00f3nio Saiote, Michel Arrignon e Alain Damiens, em Portugal e Fran\u00e7a, e tem dedicado uma grande parte do seu trabalho \u00e0 m\u00fasica de c\u00e2mara e \u00e0 m\u00fasica contempor\u00e2nea, sendo membro fundador dos grupos de c\u00e2mara Camerata Senza Misura, Trivm de Palhetas e Clarinetes Ad Libitum, tendo tocado tamb\u00e9m com alguns dos melhores m\u00fasicos da atualidade. Foi membro da OrchestrUtopica e do Grupo M\u00fasica Nova e integra o Sond\u2019Ar-te Electric Ensemble, desde a sua funda\u00e7\u00e3o.<\/p>\n\n\n\n<p>Enquanto solista ou integrado em grupos de c\u00e2mara e ensembles, Nuno Pinto tem feito um trabalho not\u00e1vel na divulga\u00e7\u00e3o da m\u00fasica contempor\u00e2nea sendo dedicat\u00e1rio de v\u00e1rias obras de compositores portugueses com quem trabalha regulamente. Ao longo da sua intensa carreira, estreou mais de 170 obras, de compositores portugueses e estrangeiros, tendo gravado 140 obras, mais de 50 ao vivo, em 25 edi\u00e7\u00f5es discogr\u00e1ficas. O seu disco \u201cTempo de Outono\u201d (Artway Records 2016), gravado com a pianista Elsa Silva, re\u00fane obras de compositores portugueses para clarinete e piano. Destacado pela cr\u00edtica nacional e internacional, foi disco do ano pelo Jornal P\u00fablico: \u201cDisco que se destaca pela qualidade da interpreta\u00e7\u00e3o destes dois experientes int\u00e9rpretes, sendo tamb\u00e9m digno de realce o facto de se tratar da primeira edi\u00e7\u00e3o fonogr\u00e1fica das seis pe\u00e7as que o integram.\u201d (in \u00cdpsilon \/&nbsp;P\u00fablico,&nbsp;Pedro M. Santos, Top 10 Discos &#8211;&nbsp;O melhor de 2016)<\/p>\n\n\n\n<p>Nuno Pinto \u00e9 um dos mais destacados solistas portugueses com grande relev\u00e2ncia internacional, tendo sido solista com v\u00e1rias orquestras e participado em Festivais Internacionais de M\u00fasica na Europa, Am\u00e9rica e \u00c1sia.<\/p>\n\n\n\n<p>\u00c9 professor de Clarinete e de M\u00fasica de C\u00e2mara na Escola Superior de M\u00fasica e Artes do Espect\u00e1culo \u2013 Polit\u00e9cnico do Porto.&nbsp;<\/p>\n","protected":false},"excerpt":{"rendered":"<p>Artista das marcas Buffet Crampon e Vandoren, Nuno Pinto \u00e9 descrito pela imprensa como um \u201cclarinetista de g\u00e9nio\u201d (Daniel Bailoni),<\/p>\n<p><span class=\"more-link\"><a href=\"https:\/\/nunopinto.pt\/eng\/sample-page\/\" class=\"readmore\">Continue reading<span class=\"screen-reader-text\">Bio<\/span><\/a><\/span><\/p>\n","protected":false},"author":1,"featured_media":0,"parent":0,"menu_order":0,"comment_status":"closed","ping_status":"open","template":"","meta":[],"_links":{"self":[{"href":"https:\/\/nunopinto.pt\/eng\/wp-json\/wp\/v2\/pages\/2"}],"collection":[{"href":"https:\/\/nunopinto.pt\/eng\/wp-json\/wp\/v2\/pages"}],"about":[{"href":"https:\/\/nunopinto.pt\/eng\/wp-json\/wp\/v2\/types\/page"}],"author":[{"embeddable":true,"href":"https:\/\/nunopinto.pt\/eng\/wp-json\/wp\/v2\/users\/1"}],"replies":[{"embeddable":true,"href":"https:\/\/nunopinto.pt\/eng\/wp-json\/wp\/v2\/comments?post=2"}],"version-history":[{"count":1,"href":"https:\/\/nunopinto.pt\/eng\/wp-json\/wp\/v2\/pages\/2\/revisions"}],"predecessor-version":[{"id":17,"href":"https:\/\/nunopinto.pt\/eng\/wp-json\/wp\/v2\/pages\/2\/revisions\/17"}],"wp:attachment":[{"href":"https:\/\/nunopinto.pt\/eng\/wp-json\/wp\/v2\/media?parent=2"}],"curies":[{"name":"wp","href":"https:\/\/api.w.org\/{rel}","templated":true}]}}